{"id":1660,"date":"2013-05-02T15:38:05","date_gmt":"2013-05-02T14:38:05","guid":{"rendered":"http:\/\/semiofest.com\/?page_id=1660"},"modified":"2019-07-15T11:14:09","modified_gmt":"2019-07-15T11:14:09","slug":"elsa-soro-ofent-spain","status":"publish","type":"page","link":"https:\/\/www.semiofest.com\/2013\/elsa-soro-ofent-spain\/","title":{"rendered":"Elsa Soro (Ofent), Spain."},"content":{"rendered":"<h2><\/h2>\n<h2><b><a href=\"https:\/\/www.semiofest.com\/wp-content\/uploads\/sites\/3\/2014\/01\/ofent.jpg\"><img loading=\"lazy\" decoding=\"async\" class=\"alignnone size-medium wp-image-3122\" src=\"https:\/\/www.semiofest.com\/wp-content\/uploads\/sites\/3\/2014\/01\/ofent-300x63.jpg\" alt=\"ofent\" width=\"300\" height=\"63\" \/><\/a><\/b><\/h2>\n<h2><b>A methodological proposal to analyse identity construction in transmedia storytelling <\/b><\/h2>\n<p>This paper provides a socio-semiotic methodological approach to the analysis of youth and gender identity on Spanish TV fiction, useful for forthcoming academic, marketing as well as educational projects. The research, subsidised by the Ministerio de Econom\u00eda y Competitividad, regards the construction of youth and gender on both, television fiction and its transmedia extensions on the Internet, and was developed by OFENT (Observatorio de la Ficci\u00f3n Espa\u00f1ola y Nuevas Tecnolog\u00edas).<\/p>\n<p>By exploring the universe of characters in Spanish transmedia storytelling, the investigation aims to discern if characters are uniform and polarized around a Manichean opposition system or whether, by contrast, they reflect the dynamism of contemporary lifestyle and become a symptom of the inability to hold an entire set of values perfectly defined.<\/p>\n<p>The concept of the \u201csemiotic role\u201d, with its typical relational nature, allows us to set up an effective typology. Thus, we are able to define the prototypes of many fictional characters present in digital and televisual platforms.<\/p>\n<p><a href=\"https:\/\/www.semiofest.com\/2013\/wp-content\/uploads\/sites\/3\/2013\/05\/Elsa-Soro-Semiofest-2013-presentation.pdf\">Elsa Soro &#8211; Semiofest 2013 presentation<\/a><\/p>\n<p><a href=\"http:\/\/ofent.org\/\" target=\"_blank\" rel=\"noopener noreferrer\">http:\/\/ofent.org\/<\/a><br \/>\n<a href=\"http:\/\/creativecommons.org\/licenses\/by-nc-nd\/3.0\/\" rel=\"license\"><img decoding=\"async\" style=\"border-width: 0;\" src=\"http:\/\/i.creativecommons.org\/l\/by-nc-nd\/3.0\/88x31.png\" alt=\"Creative Commons License\" \/><\/a><br \/>\nA methodological proposal to analyse identity construction in transmedia storytelling by OFENT is licensed under a <a href=\"http:\/\/creativecommons.org\/licenses\/by-nc-nd\/3.0\/\" rel=\"license\">Creative Commons Attribution-NonCommercial-NoDerivs 3.0 Unported License<\/a>.<\/p>\n","protected":false},"excerpt":{"rendered":"<p>A methodological proposal to analyse identity construction in transmedia storytelling This paper provides a socio-semiotic methodological approach to the analysis of youth and gender identity on Spanish TV fiction, useful for forthcoming academic, marketing as well as educational projects. The research, subsidised by the Ministerio de Econom\u00eda y Competitividad, regards the construction of youth and &hellip; <a href=\"https:\/\/www.semiofest.com\/2013\/elsa-soro-ofent-spain\/\" class=\"more-link\">Continue reading <span class=\"screen-reader-text\">Elsa Soro (Ofent), Spain.<\/span> <span class=\"meta-nav\">&rarr;<\/span><\/a><\/p>\n","protected":false},"author":1,"featured_media":0,"parent":0,"menu_order":0,"comment_status":"closed","ping_status":"closed","template":"","meta":{"footnotes":""},"class_list":["post-1660","page","type-page","status-publish","hentry"],"_links":{"self":[{"href":"https:\/\/www.semiofest.com\/2013\/wp-json\/wp\/v2\/pages\/1660","targetHints":{"allow":["GET"]}}],"collection":[{"href":"https:\/\/www.semiofest.com\/2013\/wp-json\/wp\/v2\/pages"}],"about":[{"href":"https:\/\/www.semiofest.com\/2013\/wp-json\/wp\/v2\/types\/page"}],"author":[{"embeddable":true,"href":"https:\/\/www.semiofest.com\/2013\/wp-json\/wp\/v2\/users\/1"}],"replies":[{"embeddable":true,"href":"https:\/\/www.semiofest.com\/2013\/wp-json\/wp\/v2\/comments?post=1660"}],"version-history":[{"count":4,"href":"https:\/\/www.semiofest.com\/2013\/wp-json\/wp\/v2\/pages\/1660\/revisions"}],"predecessor-version":[{"id":3338,"href":"https:\/\/www.semiofest.com\/2013\/wp-json\/wp\/v2\/pages\/1660\/revisions\/3338"}],"wp:attachment":[{"href":"https:\/\/www.semiofest.com\/2013\/wp-json\/wp\/v2\/media?parent=1660"}],"curies":[{"name":"wp","href":"https:\/\/api.w.org\/{rel}","templated":true}]}}