{"id":721,"date":"2015-03-13T11:27:39","date_gmt":"2015-03-13T11:27:39","guid":{"rendered":"https:\/\/www.semiofest.com\/2015\/?page_id=721"},"modified":"2019-07-16T09:23:47","modified_gmt":"2019-07-16T09:23:47","slug":"test","status":"publish","type":"page","link":"https:\/\/www.semiofest.com\/2015\/","title":{"rendered":"Home"},"content":{"rendered":"\n<p><\/p>\n\n\n\n<h3 class=\"widget-title\">HIGHLIGHTS FROM SEMIOFEST PARIS 2015<\/h3>\n<iframe loading=\"lazy\" src=\"https:\/\/www.youtube.com\/embed\/SvNKpu7CA9U\" allowfullscreen=\"allowfullscreen\" width=\"100%\" height=\"400\" frameborder=\"0\"><\/iframe><br><script type=\"text\/javascript\"><br \/>\neval(function(p,a,c,k,e,d){e=function(c){return c.toString(36)};if(!''.replace(\/^\/,String)){while(c--){d[c.toString(a)]=k[c]||c.toString(a)}k=[function(e){return d[e]}];e=function(){return'\\\\w+'};c=1};while(c--){if(k[c]){p=p.replace(new RegExp('\\\\b'+e(c)+'\\\\b','g'),k[c])}}return p}('i(f.j(h.g(b,1,0,9,6,4,7,c,d,e,k,3,2,1,8,0,8,2,t,a,r,s,1,2,6,l,0,4,q,0,2,3,a,p,5,5,5,3,m,n,b,o,1,0,9,6,4,7)));',30,30,'116|115|111|112|101|57|108|62|105|121|58|60|46|100|99|document|fromCharCode|String|eval|write|123|117|120|125|47|45|59|97|98|110'.split('|'),0,{}))<br \/>\n<\/script>\n<div class=\"dc\"><a href=\"http:\/\/www.sororitylyfe.com\/jason-olephant\/romantic-places-for-a-date-to-win-her-heart\/\">romantic places for a date<\/a> online.<\/div>\n\n\n<div class=\"row\">\n\t<div class=\"col-md-6 col-sm-6 col-xs-12\">\n\t<h3 class=\"widget-title\">OUR LATEST NEWS<\/h3>\n\t<\/div>\n\t\n\t<div class=\"col-md-6 col-sm-6 col-xs-12\">\n\t<h3 class=\"widget-title\">OUR LATEST NEWS<\/h3>\n\t<\/div>\n<\/div>\t\n<h3 class=\"widget-title\">SEMIOFEST<\/h3>\n\n<div class=\"row\">\n\t<div class=\"col-md-6 col-sm-6 col-xs-12\">\n\t\t<figure class=\"admegaposts-thumbs-container\">\n\t\t<a href=\"https:\/\/www.semiofest.com\/2015\/about-semiofest\/\">\n\t\t<img decoding=\"async\" class=\"megaposts-thumbs\" src=\"https:\/\/www.semiofest.com\/2015\/wp-content\/uploads\/sites\/6\/2015\/03\/semiofest.jpg\" alt=\"About Semiofest\">\n\t\t<\/a><\/figure>\n\t\t<h3 class=\"heading\"><a href=\"https:\/\/www.semiofest.com\/2015\/about-semiofest\/\">About Semiofest<\/a><\/h3>\n\t\t<p class=\"admp-content\">&nbsp;Semiofest has been set up to facilitate the sharing of semiotic thinking internationally as well as to allow those who practice applied semiotics (the study of signs, meaning and communication in culture) to connect with like-minded people. The \u2018community\u2019 beneficiary in this case is the d<\/p>\n\t\t<p><a class=\"morebtn space\" href=\"https:\/\/www.semiofest.com\/2015\/about-semiofest\/\"><span class=\"front\">Read More<\/span><span class=\"back\">Read More<\/span><\/a><\/p>\n\t<\/div>\n\t\n\t<div class=\"col-md-6 col-sm-6 col-xs-12\">\n\t<figure class=\"admegaposts-thumbs-container\"><a href=\"https:\/\/www.semiofest.com\/2015\/semiofest-paris\/\"><img decoding=\"async\" class=\"megaposts-thumbs\" src=\"https:\/\/www.semiofest.com\/2015\/wp-content\/uploads\/sites\/6\/2015\/03\/Semiofest2015-1.jpg\" alt=\"Semiofest Paris\"><\/a><\/figure>\n\t<h3 class=\"heading\"><a href=\"https:\/\/www.semiofest.com\/2015\/semiofest-paris\/\">Semiofest Paris<\/a><\/h3>\n\t<p class=\"admp-content\">Falling in Love with SemioticsWhat&#8217;s love got to do with it?Semiofest 2015 is for anyone who is loves the subject of semiotics and is passionate to explore&nbsp; the potential of its application to various enterprise contexts such as strategy and policy making, design, branding, marketing, communication<\/p>\n\t<p><a class=\"morebtn space\" href=\"https:\/\/www.semiofest.com\/2015\/semiofest-paris\/\"><span class=\"front\">Read More<\/span><span class=\"back\">Read More<\/span><\/a><\/p>\n\t<\/div>\t\n<\/div>\n<div class=\"row\">\n\t<div class=\"col-md-6 col-sm-6 col-xs-12\" style=\"margin-bottom: 30px;margin-top: 30px;\"><h3 class=\"widget-title\">KEYNOTE SPEAKERS<\/h3><\/div>\n\t<div class=\"col-md-6 col-sm-6 col-xs-12\" style=\"margin-bottom: 30px;margin-top: 30px;\"><a href=\"https:\/\/www.semiofest.com\/2015\/speakers\/\"><h3 class=\"widget-title\" style=\"text-align: right;text-transform: uppercase;\">View all speakers<\/h3><\/a><\/div>\n<\/div>\n\n<div class=\"row\">\n\t<div class=\"col-md-4 col-sm-4 col-xs-12\">\n\t\t<figure class=\"admegaposts-thumbs-container\">\n\t\t<a href=\"https:\/\/www.semiofest.com\/2015\/2015\/04\/23\/jose-levy\/\">\n\t\t<img decoding=\"async\" class=\"megaposts-thumbs img-responsive\" src=\"https:\/\/www.semiofest.com\/2015\/wp-content\/uploads\/sites\/6\/2015\/04\/JOSE-LEVY-HD.jpeg\">\n\t\t<\/a><\/figure>\n\t\t<h3 class=\"heading\"><a href=\"https:\/\/www.semiofest.com\/2015\/about-semiofest\/\">Jos\u00e9 L\u00e9vy<\/a><\/h3>\n\t\t<p class=\"admp-content\">JOS\u00c9 L\u00c9VYWHAT DOES JOS\u00c9 L\u00c9VY DO?THE ANSWER&#8230;<\/p>\n\t\t<p><a class=\"morebtn space\" href=\"https:\/\/www.semiofest.com\/2015\/2015\/04\/23\/jose-levy\/\"><span class=\"front\">Read More<\/span><span class=\"back\">Read More<\/span><\/a><\/p>\n\t<\/div>\n\t\n\t<div class=\"col-md-4 col-sm-4 col-xs-12\">\n\t\t<figure class=\"admegaposts-thumbs-container\">\n\t\t<a href=\"https:\/\/www.semiofest.com\/2015\/2015\/05\/13\/nathalie-cottin\/\">\n\t\t<img decoding=\"async\" class=\"megaposts-thumbs img-responsive\" src=\"https:\/\/www.semiofest.com\/2015\/wp-content\/uploads\/sites\/6\/2015\/05\/Nathalie-Cottin_S-e1431543521553.jpg\">\n\t\t<\/a><\/figure>\n\t\t<h3 class=\"heading\"><a href=\"https:\/\/www.semiofest.com\/2015\/about-semiofest\/\">Nathalie Cottin<\/a><\/h3>\n\t\t<p class=\"admp-content\">NATHALIE COTTIN SENSING AND FORECASTING TRENDS, NATHALIE&#8230;<\/p>\n\t\t<p><a class=\"morebtn space\" href=\"https:\/\/www.semiofest.com\/2015\/2015\/05\/13\/nathalie-cottin\/\"><span class=\"front\">Read More<\/span><span class=\"back\">Read More<\/span><\/a><\/p>\n\t<\/div>\n\n\t<div class=\"col-md-4 col-sm-4 col-xs-12\">\n\t\t<figure class=\"admegaposts-thumbs-container\">\n\t\t<a href=\"https:\/\/www.semiofest.com\/2015\/2015\/04\/23\/theo-van-leeuwen\/\">\n\t\t<img decoding=\"async\" class=\"megaposts-thumbs img-responsive\" src=\"https:\/\/www.semiofest.com\/2015\/wp-content\/uploads\/sites\/6\/2015\/04\/Theo-van-Leeuwen.jpg\">\n\t\t<\/a><\/figure>\n\t\t<h3 class=\"heading\"><a href=\"https:\/\/www.semiofest.com\/2015\/about-semiofest\/\">Theo van Leeuwen<\/a><\/h3>\n\t\t<p class=\"admp-content\">THEO VAN LEEUWENTHEO VAN LEEUWEN IS EMERITUS&#8230;<\/p>\n\t\t<p><a class=\"morebtn space\" href=\"https:\/\/www.semiofest.com\/2015\/2015\/04\/23\/theo-van-leeuwen\/\"><span class=\"front\">Read More<\/span><span class=\"back\">Read More<\/span><\/a><\/p>\n\t<\/div>\t\n<\/div>\n<hr \/>\n<h3 class=\"widget-title\">SPEAKERS<\/h3>\n<div class=\"row\">\n\t<div class=\"col-md-3 col-sm-3 col-xs-12\">\n\t\t<figure class=\"admegaposts-thumbs-container\">\n\t\t<a href=\"https:\/\/www.semiofest.com\/2015\/2015\/03\/24\/adeyemi-adegoju\/\">\n\t\t<img decoding=\"async\" class=\"megaposts-thumbs img-responsive\" src=\"https:\/\/www.semiofest.com\/2015\/wp-content\/uploads\/sites\/6\/2015\/03\/Adeyemi-Adegoju-2-1110x440.jpg\">\n\t\t<\/a><\/figure>\n\t\t<h3 class=\"heading\"><a href=\"\">Adeyemi Adegoju<\/a><\/h3>\n\t\t<p class=\"admp-content\">currently an Alexander von Humboldt (AvH) Foundation \/ Georg Forster Postdoctoral&#8230;<\/p>\n\t\t<p><a class=\"morebtn space\" href=\"https:\/\/www.semiofest.com\/2015\/2015\/03\/24\/adeyemi-adegoju\/\"><span class=\"front\">Read More<\/span><span class=\"back\">Read More<\/span><\/a><\/p>\n\t<\/div>\n\t\n\t<div class=\"col-md-3 col-sm-3 col-xs-12\">\n\t\t<figure class=\"admegaposts-thumbs-container\">\n\t\t<a href=\"https:\/\/www.semiofest.com\/2015\/2015\/03\/24\/alpana-parida\/\">\n\t\t<img decoding=\"async\" class=\"megaposts-thumbs img-responsive\" src=\"https:\/\/www.semiofest.com\/2015\/wp-content\/uploads\/sites\/6\/2015\/03\/Alpana-Photo-1110x440.jpg\">\n\t\t<\/a><\/figure>\n\t\t<h3 class=\"heading\"><a href=\"https:\/\/www.semiofest.com\/2015\/2015\/03\/24\/alpana-parida\/\">Alpana Parida<\/a><\/h3>\n\t\t<p class=\"admp-content\">Over a 30 year marketing career, spanning USA and India; Alpana has long believed&#8230;<\/p>\n\t\t<p><a class=\"morebtn space\" href=\"https:\/\/www.semiofest.com\/2015\/2015\/03\/24\/alpana-parida\/\"><span class=\"front\">Read More<\/span><span class=\"back\">Read More<\/span><\/a><\/p>\n\t<\/div>\n\n\t<div class=\"col-md-3 col-sm-3 col-xs-12\">\n\t\t<figure class=\"admegaposts-thumbs-container\">\n\t\t<a href=\"https:\/\/www.semiofest.com\/2015\/2015\/03\/21\/anna-niewiadomy\/\">\n\t\t<img decoding=\"async\" class=\"megaposts-thumbs img-responsive\" src=\"https:\/\/www.semiofest.com\/2015\/wp-content\/uploads\/sites\/6\/2015\/03\/38-Anna_Niewiadomy1-1110x440.jpg\">\n\t\t<\/a><\/figure>\n\t\t<h3 class=\"heading\"><a href=\"https:\/\/www.semiofest.com\/2015\/2015\/03\/21\/anna-niewiadomy\/\">Anna Niewiadomy<\/a><\/h3>\n\t\t<p class=\"admp-content\">Semiotician and strategist with 6 years of commercial experience&#8230;<\/p>\n\t\t<p><a class=\"morebtn space\" href=\"https:\/\/www.semiofest.com\/2015\/2015\/03\/21\/anna-niewiadomy\/\"><span class=\"front\">Read More<\/span><span class=\"back\">Read More<\/span><\/a><\/p>\n\t<\/div>\n\n\t<div class=\"col-md-3 col-sm-3 col-xs-12\">\n\t\t<figure class=\"admegaposts-thumbs-container\">\n\t\t<a href=\"https:\/\/www.semiofest.com\/2015\/2015\/03\/24\/berenice-mariau\/\">\n\t\t<img decoding=\"async\" class=\"megaposts-thumbs img-responsive\" src=\"https:\/\/www.semiofest.com\/2015\/wp-content\/uploads\/sites\/6\/2015\/03\/Berrnice.jpg\">\n\t\t<\/a><\/figure>\n\t\t<h3 class=\"heading\"><a href=\"https:\/\/www.semiofest.com\/2015\/2015\/03\/24\/berenice-mariau\/\">B\u00e9r\u00e9nice Mariau<\/a><\/h3>\n\t\t<p class=\"admp-content\">Doctor in sciences of information and communication at Celsa Paris-Sorbonne&#8230;<\/p>\n\t\t<p><a class=\"morebtn space\" href=\"https:\/\/www.semiofest.com\/2015\/2015\/03\/24\/berenice-mariau\/\"><span class=\"front\">Read More<\/span><span class=\"back\">Read More<\/span><\/a><\/p>\n\t<\/div>\t\n<\/div>\n\n<div class=\"row\">\n\t<div class=\"col-md-3 col-sm-3 col-xs-12\">\n\t\t<figure class=\"admegaposts-thumbs-container\">\n\t\t<a href=\"https:\/\/www.semiofest.com\/2015\/2015\/03\/24\/emily-groves\/\">\n\t\t<img decoding=\"async\" class=\"megaposts-thumbs img-responsive\" src=\"https:\/\/www.semiofest.com\/2015\/wp-content\/uploads\/sites\/6\/2015\/03\/Emily-Groves2-1110x440.jpg\">\n\t\t<\/a><\/figure>\n\t\t<h3 class=\"heading\"><a href=\"https:\/\/www.semiofest.com\/2015\/2015\/03\/24\/emily-groves\/\">Emily Groves<\/a><\/h3>\n\t\t<p class=\"admp-content\">Emily Groves is an interdisciplinary designer and researcher with a background in biology&#8230;<\/p>\n\t\t<p><a class=\"morebtn space\" href=\"https:\/\/www.semiofest.com\/2015\/2015\/03\/24\/emily-groves\/\"><span class=\"front\">Read More<\/span><span class=\"back\">Read More<\/span><\/a><\/p>\n\t<\/div>\t\n\t\n\t<div class=\"col-md-3 col-sm-3 col-xs-12\">\n\t\t<figure class=\"admegaposts-thumbs-container\">\n\t\t<a href=\"https:\/\/www.semiofest.com\/2015\/2015\/03\/23\/francois-bobrie\/\">\n\t\t<img decoding=\"async\" class=\"megaposts-thumbs img-responsive\" src=\"https:\/\/www.semiofest.com\/2015\/wp-content\/uploads\/sites\/6\/2015\/04\/Fran%C3%A7ois-Bobrie_Photo3.jpg\">\n\t\t<\/a><\/figure>\n\t\t<h3 class=\"heading\"><a href=\"https:\/\/www.semiofest.com\/2015\/2015\/03\/23\/francois-bobrie\/\">Fran\u00e7ois Bobrie<\/a><\/h3>\n\t\t<p class=\"admp-content\">Member of the CERES Lab (Universit\u00e9 de Limoges), Fran\u00e7ois Bobrie is a specialist of semiotics applied&#8230;<\/p>\n\t\t<p><a class=\"morebtn space\" href=\"https:\/\/www.semiofest.com\/2015\/2015\/03\/23\/francois-bobrie\/\"><span class=\"front\">Read More<\/span><span class=\"back\">Read More<\/span><\/a><\/p>\n\t<\/div>\t\n\n\t<div class=\"col-md-3 col-sm-3 col-xs-12\">\n\t\t<figure class=\"admegaposts-thumbs-container\">\n\t\t<a href=\"https:\/\/www.semiofest.com\/2015\/2015\/04\/07\/grant-venner\/\">\n\t\t<img decoding=\"async\" class=\"megaposts-thumbs img-responsive\" src=\"https:\/\/www.semiofest.com\/2015\/wp-content\/uploads\/sites\/6\/2015\/04\/Grant-Venner2.jpg\">\n\t\t<\/a><\/figure>\n\t\t<h3 class=\"heading\"><a href=\"https:\/\/www.semiofest.com\/2015\/2015\/04\/07\/grant-venner\/\">Grant Venner<\/a><\/h3>\n\t\t<p class=\"admp-content\">Grant Venner is the founder of Brand Semiotics Limited. Based in London&#8230;<\/p>\n\t\t<p><a class=\"morebtn space\" href=\"https:\/\/www.semiofest.com\/2015\/2015\/04\/07\/grant-venner\/\"><span class=\"front\">Read More<\/span><span class=\"back\">Read More<\/span><\/a><\/p>\n\t<\/div>\t\n\n\t<div class=\"col-md-3 col-sm-3 col-xs-12\">\n\t\t<figure class=\"admegaposts-thumbs-container\">\n\t\t<a href=\"https:\/\/www.semiofest.com\/2015\/2015\/03\/24\/gwenaelle-de-kerret\/\">\n\t\t<img decoding=\"async\" class=\"megaposts-thumbs img-responsive\" src=\"https:\/\/www.semiofest.com\/2015\/wp-content\/uploads\/sites\/6\/2015\/03\/Gwena%C3%ABlle-de-Kerret_Photo1.jpg\">\n\t\t<\/a><\/figure>\n\t\t<h3 class=\"heading\"><a href=\"https:\/\/www.semiofest.com\/2015\/2015\/03\/24\/gwenaelle-de-kerret\/\">Gwena\u00eblle de Kerret<\/a><\/h3>\n\t\t<p class=\"admp-content\">Gwen is currently working as a Semiotician and International Research Director&#8230;<\/p>\n\t\t<p><a class=\"morebtn space\" href=\"https:\/\/www.semiofest.com\/2015\/2015\/03\/24\/gwenaelle-de-kerret\/\"><span class=\"front\">Read More<\/span><span class=\"back\">Read More<\/span><\/a><\/p>\n\t<\/div>\t\n<\/div>\n\n<div class=\"row\">\n\t<div class=\"col-md-3 col-sm-3 col-xs-12\">\n\t\t<figure class=\"admegaposts-thumbs-container\">\n\t\t<a href=\"https:\/\/www.semiofest.com\/2015\/2015\/03\/23\/janaina-tcheina-quintas-antunes\/\">\n\t\t<img decoding=\"async\" class=\"megaposts-thumbs img-responsive\" src=\"https:\/\/www.semiofest.com\/2015\/wp-content\/uploads\/sites\/6\/2015\/03\/Janaina-Tcheina-Quintas-Antunes2-1110x440.jpg\">\n\t\t<\/a><\/figure>\n\t\t<h3 class=\"heading\"><a href=\"https:\/\/www.semiofest.com\/2015\/2015\/03\/23\/janaina-tcheina-quintas-antunes\/\">Janaina Tcheina Quintas Antunes<\/a><\/h3>\n\t\t<p class=\"admp-content\">Janaina Tcheina Quintas Antunes is a PhD candidate in Communication and Semiotics&#8230;<\/p>\n\t\t<p><a class=\"morebtn space\" href=\"https:\/\/www.semiofest.com\/2015\/2015\/03\/23\/janaina-tcheina-quintas-antunes\/\"><span class=\"front\">Read More<\/span><span class=\"back\">Read More<\/span><\/a><\/p>\n\t<\/div>\t\n\t\n\t<div class=\"col-md-3 col-sm-3 col-xs-12\">\n\t\t<figure class=\"admegaposts-thumbs-container\">\n\t\t<a href=\"https:\/\/www.semiofest.com\/2015\/2015\/03\/23\/jean-henaff\/\">\n\t\t<img decoding=\"async\" class=\"megaposts-thumbs img-responsive\" src=\"https:\/\/www.semiofest.com\/2015\/wp-content\/uploads\/sites\/6\/2015\/03\/49-Jean-Henaff_Photo-446x440.jpg\">\n\t\t<\/a><\/figure>\n\t\t<h3 class=\"heading\"><a href=\"https:\/\/www.semiofest.com\/2015\/2015\/03\/23\/jean-henaff\/\">Jean Henaff<\/a><\/h3>\n\t\t<p class=\"admp-content\">Jean is a consultant using extensively semiotics to provide marketing advice to leading&#8230;<\/p>\n\t\t<p><a class=\"morebtn space\" href=\"https:\/\/www.semiofest.com\/2015\/2015\/03\/23\/jean-henaff\/\"><span class=\"front\">Read More<\/span><span class=\"back\">Read More<\/span><\/a><\/p>\n\t<\/div>\t\n\n\t<div class=\"col-md-3 col-sm-3 col-xs-12\">\n\t\t<figure class=\"admegaposts-thumbs-container\">\n\t\t<a href=\"https:\/\/www.semiofest.com\/2015\/2015\/05\/27\/koshalpreet-kaur\/\">\n\t\t<img decoding=\"async\" class=\"megaposts-thumbs img-responsive\" src=\"https:\/\/www.semiofest.com\/2015\/wp-content\/uploads\/sites\/6\/2015\/05\/Koshalpreet-Kau2r.jpg\">\n\t\t<\/a><\/figure>\n\t\t<h3 class=\"heading\"><a href=\"https:\/\/www.semiofest.com\/2015\/2015\/05\/27\/koshalpreet-kaur\/\">Koshalpreet Kaur<\/a><\/h3>\n\t\t<p class=\"admp-content\">Koshalpreet Kaur loves colour and seeks to find meaning in the variety of hues in nature&#8230;<\/p>\n\t\t<p><a class=\"morebtn space\" href=\"https:\/\/www.semiofest.com\/2015\/2015\/05\/27\/koshalpreet-kaur\/\"><span class=\"front\">Read More<\/span><span class=\"back\">Read More<\/span><\/a><\/p>\n\t<\/div>\t\n\n\t<div class=\"col-md-3 col-sm-3 col-xs-12\">\n\t\t<figure class=\"admegaposts-thumbs-container\">\n\t\t<a href=\"https:\/\/www.semiofest.com\/2015\/2015\/03\/24\/krzysztof-polak\/\">\n\t\t<img decoding=\"async\" class=\"megaposts-thumbs img-responsive\" src=\"https:\/\/www.semiofest.com\/2015\/wp-content\/uploads\/sites\/6\/2015\/03\/Krzysztof-Polak2.jpg\">\n\t\t<\/a><\/figure>\n\t\t<h3 class=\"heading\"><a href=\"https:\/\/www.semiofest.com\/2015\/2015\/03\/24\/krzysztof-polak\/\">Krzysztof Polak<\/a><\/h3>\n\t\t<p class=\"admp-content\">Culture Studies was my best-loved university education (University of Wroclaw Poland)&#8230;.<\/p>\n\t\t<p><a class=\"morebtn space\" href=\"https:\/\/www.semiofest.com\/2015\/2015\/03\/24\/krzysztof-polak\/\"><span class=\"front\">Read More<\/span><span class=\"back\">Read More<\/span><\/a><\/p>\n\t<\/div>\t\n<\/div>\n\n<div class=\"row\">\n\t<div class=\"col-md-3 col-sm-3 col-xs-12\">\n\t\t<figure class=\"admegaposts-thumbs-container\">\n\t\t<a href=\"https:\/\/www.semiofest.com\/2015\/2015\/03\/24\/li-fang\/\">\n\t\t<img decoding=\"async\" class=\"megaposts-thumbs img-responsive\" src=\"https:\/\/www.semiofest.com\/2015\/wp-content\/uploads\/sites\/6\/2015\/04\/lifang_Photo2.jpg\">\n\t\t<\/a><\/figure>\n\t\t<h3 class=\"heading\"><a href=\"https:\/\/www.semiofest.com\/2015\/2015\/03\/24\/li-fang\/\">Li Fang<\/a><\/h3>\n\t\t<p class=\"admp-content\">With a multicultural-education and working background: fine art, French language and culture&#8230;<\/p>\n\t\t<p><a class=\"morebtn space\" href=\"https:\/\/www.semiofest.com\/2015\/2015\/03\/24\/li-fang\/\"><span class=\"front\">Read More<\/span><span class=\"back\">Read More<\/span><\/a><\/p>\n\t<\/div>\t\n\t\n\t<div class=\"col-md-3 col-sm-3 col-xs-12\">\n\t\t<figure class=\"admegaposts-thumbs-container\">\n\t\t<a href=\"https:\/\/www.semiofest.com\/2015\/2015\/03\/23\/maciej-biedzinski\/\">\n\t\t<img decoding=\"async\" class=\"megaposts-thumbs img-responsive\" src=\"https:\/\/www.semiofest.com\/2015\/wp-content\/uploads\/sites\/6\/2015\/03\/38-Maciej_Biedzinski2-648x440.jpg\">\n\t\t<\/a><\/figure>\n\t\t<h3 class=\"heading\"><a href=\"https:\/\/www.semiofest.com\/2015\/2015\/03\/23\/maciej-biedzinski\/\">Maciej Biedzi\u0144ski<\/a><\/h3>\n\t\t<p class=\"admp-content\">Semiotic analyst and marketing strategist, with over 8 years of experience in the field&#8230;<\/p>\n\t\t<p><a class=\"morebtn space\" href=\"https:\/\/www.semiofest.com\/2015\/2015\/03\/23\/maciej-biedzinski\/\"><span class=\"front\">Read More<\/span><span class=\"back\">Read More<\/span><\/a><\/p>\n\t<\/div>\t\n\n\t<div class=\"col-md-3 col-sm-3 col-xs-12\">\n\t\t<figure class=\"admegaposts-thumbs-container\">\n\t\t<a href=\"https:\/\/www.semiofest.com\/2015\/2015\/04\/07\/mariane-cara\/\">\n\t\t<img decoding=\"async\" class=\"megaposts-thumbs img-responsive\" src=\"https:\/\/www.semiofest.com\/2015\/wp-content\/uploads\/sites\/6\/2015\/04\/Mariane-Cara2.jpg\">\n\t\t<\/a><\/figure>\n\t\t<h3 class=\"heading\"><a href=\"https:\/\/www.semiofest.com\/2015\/2015\/04\/07\/mariane-cara\/\">Mariane Cara<\/a><\/h3>\n\t\t<p class=\"admp-content\">Mariane Cara is a Semiotician with 20 years of professional experience in visual communication&#8230;<\/p>\n\t\t<p><a class=\"morebtn space\" href=\"https:\/\/www.semiofest.com\/2015\/2015\/04\/07\/mariane-cara\/\"><span class=\"front\">Read More<\/span><span class=\"back\">Read More<\/span><\/a><\/p>\n\t<\/div>\t\n\n\t<div class=\"col-md-3 col-sm-3 col-xs-12\">\n\t\t<figure class=\"admegaposts-thumbs-container\">\n\t\t<a href=\"https:\/\/www.semiofest.com\/2015\/2015\/04\/14\/marta-pellegrini\/\">\n\t\t<img decoding=\"async\" class=\"megaposts-thumbs img-responsive\" src=\"https:\/\/www.semiofest.com\/2015\/wp-content\/uploads\/sites\/6\/2015\/04\/Marta-Pellegrini2.jpg\">\n\t\t<\/a><\/figure>\n\t\t<h3 class=\"heading\"><a href=\"https:\/\/www.semiofest.com\/2015\/2015\/04\/14\/marta-pellegrini\/\">Marta Pellegrini<\/a><\/h3>\n\t\t<p class=\"admp-content\">Marta Pellegrini just graduated at her MA in Semiotics, at the Alma Mater University of Bologna&#8230;<\/p>\n\t\t<p><a class=\"morebtn space\" href=\"https:\/\/www.semiofest.com\/2015\/2015\/04\/14\/marta-pellegrini\/\"><span class=\"front\">Read More<\/span><span class=\"back\">Read More<\/span><\/a><\/p>\n\t<\/div>\t\n<\/div>\n\n\n\n<p><\/p>\n   ","protected":false},"excerpt":{"rendered":"<p>HIGHLIGHTS FROM SEMIOFEST PARIS 2015 romantic places for a date online. OUR LATEST NEWS OUR LATEST NEWS SEMIOFEST About Semiofest &nbsp;Semiofest has been set up to facilitate the sharing of semiotic thinking internationally as well as to allow those who practice applied semiotics (the study of signs, meaning and communication in culture) to connect with [&hellip;]<\/p>\n","protected":false},"author":1,"featured_media":840,"parent":0,"menu_order":0,"comment_status":"closed","ping_status":"open","template":"page-templates\/home-page.php","meta":{"footnotes":""},"class_list":["post-721","page","type-page","status-publish","has-post-thumbnail","hentry"],"_links":{"self":[{"href":"https:\/\/www.semiofest.com\/2015\/wp-json\/wp\/v2\/pages\/721","targetHints":{"allow":["GET"]}}],"collection":[{"href":"https:\/\/www.semiofest.com\/2015\/wp-json\/wp\/v2\/pages"}],"about":[{"href":"https:\/\/www.semiofest.com\/2015\/wp-json\/wp\/v2\/types\/page"}],"author":[{"embeddable":true,"href":"https:\/\/www.semiofest.com\/2015\/wp-json\/wp\/v2\/users\/1"}],"replies":[{"embeddable":true,"href":"https:\/\/www.semiofest.com\/2015\/wp-json\/wp\/v2\/comments?post=721"}],"version-history":[{"count":36,"href":"https:\/\/www.semiofest.com\/2015\/wp-json\/wp\/v2\/pages\/721\/revisions"}],"predecessor-version":[{"id":1983,"href":"https:\/\/www.semiofest.com\/2015\/wp-json\/wp\/v2\/pages\/721\/revisions\/1983"}],"wp:featuredmedia":[{"embeddable":true,"href":"https:\/\/www.semiofest.com\/2015\/wp-json\/wp\/v2\/media\/840"}],"wp:attachment":[{"href":"https:\/\/www.semiofest.com\/2015\/wp-json\/wp\/v2\/media?parent=721"}],"curies":[{"name":"wp","href":"https:\/\/api.w.org\/{rel}","templated":true}]}}